{"id":7396,"date":"2015-11-03T12:47:13","date_gmt":"2015-11-03T20:47:13","guid":{"rendered":"https:\/\/mayremartinez.com\/terms-of-service\/"},"modified":"2022-09-25T13:52:12","modified_gmt":"2022-09-25T20:52:12","slug":"terms-of-service","status":"publish","type":"page","link":"https:\/\/mayremartinez.com\/en\/terms-of-service\/","title":{"rendered":"Terms of Service"},"content":{"rendered":"\n<h2>Welcome to mayre.net, mayremartinez.com and elartedecantar.com, where Mayr\u00e9 Mart\u00ednez and El Arte de Cantar provide website features and other products and services to you when you visit or shop at the Mayr\u00e9 Mart\u00ednez Official Site (&#8216;mayre.net&#8217;), or use El Arte de Cantar products or services (collectively, &#8220;Services&#8221;). Mayr\u00e9 Mart\u00ednez provides the Services subject to the following conditions.  <\/h2>\n\n<div style=\"height:33px\" aria-hidden=\"true\" class=\"wp-block-spacer\"><\/div>\n\n<h5>By using the services you accept these conditions. Please take a moment to read them carefully.  <\/h5>\n\n<div style=\"height:100px\" aria-hidden=\"true\" class=\"wp-block-spacer\"><\/div>\n\n<h3>Privacy  <\/h3>\n\n<p>Please review our <a href=\"https:\/\/mayre.net\/politica-de-privacidad\/\">Privacy Notice , <\/a> which also governs your use of the Services to understand our practices.  <\/p>\n\n<div style=\"height:33px\" aria-hidden=\"true\" class=\"wp-block-spacer\"><\/div>\n\n<h3>Electronic communications  <\/h3>\n\n<p>When you use any Service, or send emails, text messages and other communications to us from your desktop computer or mobile device, you are communicating with us electronically. You agree to receive communications from us electronically.<\/p>\n\n<p>We will communicate with you in a variety of ways, such as by email, text or by posting notices and messages on this site or on your account page. You agree that all agreements, notices, disclosures and other communications that we send to you electronically satisfy any legal requirement that such communications be in writing.  <\/p>\n\n<div style=\"height:33px\" aria-hidden=\"true\" class=\"wp-block-spacer\"><\/div>\n\n<h3>Copyrights and trademarks  <\/h3>\n\n<p>All content included in or available through any Service is the exclusive property of Mayr\u00e9 Mart\u00ednez and is protected by U.S. and international copyright laws.<\/p>\n\n<p>Mayr\u00e9 Mart\u00ednez and El Arte de Cantar trademarks may not be used in connection with any product or service that is not authorized by Mayr\u00e9 Mart\u00ednez and\/or El Arte de Cantar, in any manner that is likely to cause confusion among customers, or in any manner that disparages or discredits Mayr\u00e9 Mart\u00ednez and\/or El Arte de Cantar. All other trademarks not owned by Mayr\u00e9 Mart\u00ednez that appear on any Service are the property of their respective owners, who may or may not be affiliated with, connected to, or sponsored by Mayr\u00e9 Mart\u00ednez and\/or El Arte de Cantar.  <\/p>\n\n<div style=\"height:33px\" aria-hidden=\"true\" class=\"wp-block-spacer\"><\/div>\n\n<h3>License and access  <\/h3>\n\n<p>Subject to your compliance with these Terms of Service and payment of any applicable fees, Mayr\u00e9 Mart\u00ednez, its partners, or content providers grant you a limited, non-exclusive, non-transferable, non-sublicensable license to access and make personal, non-commercial use of the Services. This license does not include any resale or commercial use of any Service or its content; any collection and use of any product listings, descriptions or prices; any derivative use of any Service or its content; any downloading, copying or other use of account information for the benefit of any third party; or any use of data mining, robots or similar data gathering or extraction tools.<\/p>\n\n<p>All rights not expressly granted to you in these Terms of Service are reserved and retained by Mayr\u00e9 Mart\u00ednez. You may use the Services only as permitted by law. The licenses granted by Mayr\u00e9 Mart\u00ednez&#8217;s registrations terminate if she fails to comply with them.  <\/p>\n\n<div style=\"height:33px\" aria-hidden=\"true\" class=\"wp-block-spacer\"><\/div>\n\n<h3>Your account  <\/h3>\n\n<p>If you use any Service, you are responsible for maintaining the confidentiality of your account and password and for restricting access to your computer, and you agree to accept responsibility for all activities that occur under your account or password. If you are under 18, you may use the Services only with the involvement of a parent or guardian. Mayr\u00e9 Mart\u00ednez reserves the right to refuse service, terminate accounts, remove or edit content, or cancel orders in its sole discretion.  <\/p>\n\n<div style=\"height:33px\" aria-hidden=\"true\" class=\"wp-block-spacer\"><\/div>\n\n<h3>Risk of loss  <\/h3>\n\n<p>All items purchased from the Mayr\u00e9 Mart\u00ednez and\/or El Arte de Cantar store are made pursuant to a shipment contract. This means that the risk of loss and title for such items pass to you upon our delivery to the carrier.  <\/p>\n\n<div style=\"height:33px\" aria-hidden=\"true\" class=\"wp-block-spacer\"><\/div>\n\n<h3>Returns, refunds and securities  <\/h3>\n\n<p>Mayr\u00e9 Mart\u00ednez is not responsible for returned items until the item arrives at our dispatch center. At our discretion, a refund may be issued without requiring a refund. In this situation, Mayr\u00e9 Mart\u00ednez nor El Arte de Cantar take the title of the reimbursed article. For more information on our returns and refunds, please see our returns and refunds information here.  <\/p>\n\n<div style=\"height:33px\" aria-hidden=\"true\" class=\"wp-block-spacer\"><\/div>\n\n<h3>  Disclaimer and limitation of liability  <\/h3>\n\n<p>Use of the Services is at your own risk. To the fullest extent permitted by applicable law, neither Mayr\u00e9 Mart\u00ednez nor El Arte de Cantar nor its affiliates, nor any of their officers, directors or employees, agents, third party content providers, merchants, sponsors, licensors (collectively, &#8220;Providers&#8221;) or the like, warrant that the Services will be uninterrupted or error-free; nor do they make any warranty as to the results that may be obtained from the use of the Services; or as to the accuracy, reliability or currency of any information content, service or merchandise provided through the Mayr\u00e9 Mart\u00ednez Store and\/or El Arte de Cantar.  <\/p>\n\n<p>Mayr\u00e9 Mart\u00ednez and El Arte de Cantar provide this site on an &#8220;as is&#8221; and &#8220;as available&#8221; basis. To the fullest extent permitted by applicable law, Mayr\u00e9 Mart\u00ednez and El Arte de Cantar make no representations or warranties of any kind, express or implied, about the operation of the site, the information, content, materials or products included on this site.  <\/p>\n\n<div style=\"height:33px\" aria-hidden=\"true\" class=\"wp-block-spacer\"><\/div>\n\n<h3>Waiver of liability<\/h3>\n\n<p>To the fullest extent permissible by applicable law, Mayr\u00e9 Mart\u00ednez disclaims all warranties, express or implied, including, but not limited to, implied warranties of merchantability and fitness for a particular purpose. To the fullest extent permitted by applicable law, neither Mayr\u00e9 Mart\u00ednez nor El Arte de Cantar shall be liable for any damages of any kind arising out of the use of this site, or any products purchased from this site, including, without limitation, direct, indirect, incidental, punitive and consequential damages.<\/p>\n\n<p>No oral advice or written information given by Mayr\u00e9 Mart\u00ednez, El Arte de Cantar or its affiliates, or any of their officers, directors, employees, agents, suppliers or the like, shall create any warranty or legal obligation; nor shall the user rely on any such information or advice.  <\/p>\n\n<div style=\"height:33px\" aria-hidden=\"true\" class=\"wp-block-spacer\"><\/div>\n\n<h3>Changes and availability<\/h3>\n\n<p>Mayr\u00e9 Mart\u00ednez reserves the right to change any advertised price before accepting an order. All products are subject to availability and can be withdrawn at any time. If we are unable to fulfill your order, you will be offered an alternative or given a refund for the unavailable product.  <\/p>\n\n<div style=\"height:33px\" aria-hidden=\"true\" class=\"wp-block-spacer\"><\/div>\n\n<h3>Errors and omissions  <\/h3>\n\n<p>We are not responsible for any typographical errors or inaccuracies set forth on this website and, to the extent permitted by applicable law, we do not warrant that product descriptions or other content of this site is accurate, complete, reliable, current, or error-free. Information, prices and discounts are subject to change without notice.  <\/p>\n\n<div style=\"height:33px\" aria-hidden=\"true\" class=\"wp-block-spacer\"><\/div>\n\n<h3>Security and fraud  <\/h3>\n\n<p>Neither the Mayr\u00e9 Mart\u00ednez Official Store nor El Arte de Cantar capture your credit card, debit card, bank account or PayPal details. The Mayr\u00e9 Martinez Store has three first-class online payment providers for real-time credit card validation and transaction processing. Credit and debit card payments, bank transfer and cash payments are made through Stripe and PayPal. If you choose PayPal as your payment option, please refer to PayPal&#8217;s terms and conditions for more information.<\/p>\n\n<div style=\"height:33px\" aria-hidden=\"true\" class=\"wp-block-spacer\"><\/div>\n\n<h3>Pre-order policy  <\/h3>\n\n<p>Pre-orders will be accepted for selected products that are available for purchase online. Stock availability will be verified as part of the standard order placement process. When stock is available, customers will be contacted to confirm that stock is available and the completed order will be sent for customer approval to proceed.<\/p>\n\n<p>When stock is unavailable, customers will be contacted and offered the option to select an alternate product and modify and\/or reship the order, choose to remove the backordered product and reship the order without the backordered item, or cancel the order.  <\/p>\n\n<div style=\"height:33px\" aria-hidden=\"true\" class=\"wp-block-spacer\"><\/div>\n\n<h3>Applicable Law  <\/h3>\n\n<p>By using any Service, you agree that, without regard to principles of conflicts of laws, the laws of the United States of America will govern these Terms of Service and any dispute of any sort that might arise between you and Mayr\u00e9 Mart\u00ednez and\/or El Arte de Cantar.  <\/p>\n\n<div style=\"height:33px\" aria-hidden=\"true\" class=\"wp-block-spacer\"><\/div>\n\n<h3>Policies, modification and division of the site  <\/h3>\n\n<p>Please review all other policies on this site. These policies also govern your visit to the Official Store of Mayr\u00e9 Mart\u00ednez and El Arte de Cantar, as well as mayre.net, mayremartinez.com, and elartedecantar.com. We reserve the right to make changes to our site, policies and these Terms of Service at any time. If any of these conditions shall be deemed invalid, void or for any reason unenforceable, such condition shall be deemed severable and operable to the extent permitted by law, and shall not affect the validity and enforceability of any remaining condition.  <\/p>\n\n<div style=\"height:33px\" aria-hidden=\"true\" class=\"wp-block-spacer\"><\/div>\n\n<h3>Contact  <\/h3>\n\n<p>The Art of Singing<br\/>Mayr\u00e9 Martinez  <br\/>+1 (786) 693 0682  <br\/>legal@mayre.net<\/p>\n","protected":false},"excerpt":{"rendered":"<p>Welcome to mayre.net, mayremartinez.com and elartedecantar.com, where Mayr\u00e9 Mart\u00ednez and El Arte de Cantar provide website features and other products and services to you when you visit or shop at the Mayr\u00e9 Mart\u00ednez Official Site (&#8216;mayre.net&#8217;), or use El Arte de Cantar products or services (collectively, &#8220;Services&#8221;). Mayr\u00e9 Mart\u00ednez provides the Services subject to the&hellip;<\/p>\n","protected":false},"author":1,"featured_media":0,"parent":0,"menu_order":0,"comment_status":"closed","ping_status":"closed","template":"","meta":[],"yoast_head":"<!-- This site is optimized with the Yoast SEO plugin v19.8 - https:\/\/yoast.com\/wordpress\/plugins\/seo\/ -->\n<title>Terms of Service &ndash; Mayre Martinez<\/title>\n<meta name=\"description\" content=\"Mayr\u00e9 Mart\u00ednez Official Site and NuPop Store Terms of Service.\" \/>\n<meta name=\"robots\" content=\"index, follow, max-snippet:-1, max-image-preview:large, max-video-preview:-1\" \/>\n<link rel=\"canonical\" href=\"https:\/\/mayremartinez.com\/en\/terms-of-service\/\" \/>\n<meta property=\"og:locale\" content=\"en_US\" \/>\n<meta property=\"og:type\" content=\"article\" \/>\n<meta property=\"og:title\" content=\"Terms of Service &ndash; Mayre Martinez\" \/>\n<meta property=\"og:description\" content=\"Mayr\u00e9 Mart\u00ednez Official Site and NuPop Store Terms of Service.\" \/>\n<meta property=\"og:url\" content=\"https:\/\/mayremartinez.com\/en\/terms-of-service\/\" \/>\n<meta property=\"og:site_name\" content=\"Mayre Martinez\" \/>\n<meta property=\"article:publisher\" content=\"http:\/\/facebook.com\/mayremartinez\" \/>\n<meta property=\"article:modified_time\" content=\"2022-09-25T20:52:12+00:00\" \/>\n<meta name=\"twitter:card\" content=\"summary_large_image\" \/>\n<meta name=\"twitter:site\" content=\"@mayremartinez\" \/>\n<meta name=\"twitter:label1\" content=\"Est. reading time\" \/>\n\t<meta name=\"twitter:data1\" content=\"7 minutes\" \/>\n<script type=\"application\/ld+json\" class=\"yoast-schema-graph\">{\"@context\":\"https:\/\/schema.org\",\"@graph\":[{\"@type\":\"WebPage\",\"@id\":\"https:\/\/mayremartinez.com\/en\/terms-of-service\/\",\"url\":\"https:\/\/mayremartinez.com\/en\/terms-of-service\/\",\"name\":\"Terms of Service &ndash; Mayre Martinez\",\"isPartOf\":{\"@id\":\"https:\/\/mayremartinez.com\/en\/#website\"},\"datePublished\":\"2015-11-03T20:47:13+00:00\",\"dateModified\":\"2022-09-25T20:52:12+00:00\",\"description\":\"Mayr\u00e9 Mart\u00ednez Official Site and NuPop Store Terms of Service.\",\"breadcrumb\":{\"@id\":\"https:\/\/mayremartinez.com\/en\/terms-of-service\/#breadcrumb\"},\"inLanguage\":\"en-US\",\"potentialAction\":[{\"@type\":\"ReadAction\",\"target\":[\"https:\/\/mayremartinez.com\/en\/terms-of-service\/\"]}]},{\"@type\":\"BreadcrumbList\",\"@id\":\"https:\/\/mayremartinez.com\/en\/terms-of-service\/#breadcrumb\",\"itemListElement\":[{\"@type\":\"ListItem\",\"position\":1,\"name\":\"Portada\",\"item\":\"https:\/\/mayremartinez.com\/en\/\"},{\"@type\":\"ListItem\",\"position\":2,\"name\":\"Terms of Service\"}]},{\"@type\":\"WebSite\",\"@id\":\"https:\/\/mayremartinez.com\/en\/#website\",\"url\":\"https:\/\/mayremartinez.com\/en\/\",\"name\":\"Mayre Martinez\",\"description\":\"Sitio Web Oficial de Mayre Martinez, La Voz de Latinoam&eacute;rica\",\"publisher\":{\"@id\":\"https:\/\/mayremartinez.com\/en\/#\/schema\/person\/d809b2bc85ada00ed0fccc4e42a7b933\"},\"potentialAction\":[{\"@type\":\"SearchAction\",\"target\":{\"@type\":\"EntryPoint\",\"urlTemplate\":\"https:\/\/mayremartinez.com\/en\/?s={search_term_string}\"},\"query-input\":\"required name=search_term_string\"}],\"inLanguage\":\"en-US\"},{\"@type\":[\"Person\",\"Organization\"],\"@id\":\"https:\/\/mayremartinez.com\/en\/#\/schema\/person\/d809b2bc85ada00ed0fccc4e42a7b933\",\"name\":\"Mayr\u00e9 Mart\u00ednez\",\"image\":{\"@type\":\"ImageObject\",\"inLanguage\":\"en-US\",\"@id\":\"https:\/\/mayremartinez.com\/en\/#\/schema\/person\/image\/\",\"url\":\"https:\/\/secure.gravatar.com\/avatar\/48dbd5ec7e576a76001971d591baee36?s=96&d=identicon&r=g\",\"contentUrl\":\"https:\/\/secure.gravatar.com\/avatar\/48dbd5ec7e576a76001971d591baee36?s=96&d=identicon&r=g\",\"caption\":\"Mayr\u00e9 Mart\u00ednez\"},\"logo\":{\"@id\":\"https:\/\/mayremartinez.com\/en\/#\/schema\/person\/image\/\"},\"description\":\"Mayr\u00e9 Mart\u00ednez (La Voz US, Latin American Idol) es una cantante profesional, entrenadora vocal, escritora y profesora de canto Venezolana. Ella ha formado a miles de alumnos con el m\u00e9todo que lleva su nombre, comprobando que cualquier persona puede aprender el arte de cantar.\",\"sameAs\":[\"https:\/\/mayre.net\",\"http:\/\/facebook.com\/mayremartinez\",\"http:\/\/instagram.com\/mayremartinez\",\"https:\/\/twitter.com\/mayremartinez\",\"http:\/\/www.youtube.com\/user\/mayretv\",\"https:\/\/es.wikipedia.org\/wiki\/Mayr\u00e9_Mart\u00ednez\"]}]}<\/script>\n<!-- \/ Yoast SEO plugin. -->","yoast_head_json":{"title":"Terms of Service &ndash; Mayre Martinez","description":"Mayr\u00e9 Mart\u00ednez Official Site and NuPop Store Terms of Service.","robots":{"index":"index","follow":"follow","max-snippet":"max-snippet:-1","max-image-preview":"max-image-preview:large","max-video-preview":"max-video-preview:-1"},"canonical":"https:\/\/mayremartinez.com\/en\/terms-of-service\/","og_locale":"en_US","og_type":"article","og_title":"Terms of Service &ndash; Mayre Martinez","og_description":"Mayr\u00e9 Mart\u00ednez Official Site and NuPop Store Terms of Service.","og_url":"https:\/\/mayremartinez.com\/en\/terms-of-service\/","og_site_name":"Mayre Martinez","article_publisher":"http:\/\/facebook.com\/mayremartinez","article_modified_time":"2022-09-25T20:52:12+00:00","twitter_card":"summary_large_image","twitter_site":"@mayremartinez","twitter_misc":{"Est. reading time":"7 minutes"},"schema":{"@context":"https:\/\/schema.org","@graph":[{"@type":"WebPage","@id":"https:\/\/mayremartinez.com\/en\/terms-of-service\/","url":"https:\/\/mayremartinez.com\/en\/terms-of-service\/","name":"Terms of Service &ndash; Mayre Martinez","isPartOf":{"@id":"https:\/\/mayremartinez.com\/en\/#website"},"datePublished":"2015-11-03T20:47:13+00:00","dateModified":"2022-09-25T20:52:12+00:00","description":"Mayr\u00e9 Mart\u00ednez Official Site and NuPop Store Terms of Service.","breadcrumb":{"@id":"https:\/\/mayremartinez.com\/en\/terms-of-service\/#breadcrumb"},"inLanguage":"en-US","potentialAction":[{"@type":"ReadAction","target":["https:\/\/mayremartinez.com\/en\/terms-of-service\/"]}]},{"@type":"BreadcrumbList","@id":"https:\/\/mayremartinez.com\/en\/terms-of-service\/#breadcrumb","itemListElement":[{"@type":"ListItem","position":1,"name":"Portada","item":"https:\/\/mayremartinez.com\/en\/"},{"@type":"ListItem","position":2,"name":"Terms of Service"}]},{"@type":"WebSite","@id":"https:\/\/mayremartinez.com\/en\/#website","url":"https:\/\/mayremartinez.com\/en\/","name":"Mayre Martinez","description":"Sitio Web Oficial de Mayre Martinez, La Voz de Latinoam&eacute;rica","publisher":{"@id":"https:\/\/mayremartinez.com\/en\/#\/schema\/person\/d809b2bc85ada00ed0fccc4e42a7b933"},"potentialAction":[{"@type":"SearchAction","target":{"@type":"EntryPoint","urlTemplate":"https:\/\/mayremartinez.com\/en\/?s={search_term_string}"},"query-input":"required name=search_term_string"}],"inLanguage":"en-US"},{"@type":["Person","Organization"],"@id":"https:\/\/mayremartinez.com\/en\/#\/schema\/person\/d809b2bc85ada00ed0fccc4e42a7b933","name":"Mayr\u00e9 Mart\u00ednez","image":{"@type":"ImageObject","inLanguage":"en-US","@id":"https:\/\/mayremartinez.com\/en\/#\/schema\/person\/image\/","url":"https:\/\/secure.gravatar.com\/avatar\/48dbd5ec7e576a76001971d591baee36?s=96&d=identicon&r=g","contentUrl":"https:\/\/secure.gravatar.com\/avatar\/48dbd5ec7e576a76001971d591baee36?s=96&d=identicon&r=g","caption":"Mayr\u00e9 Mart\u00ednez"},"logo":{"@id":"https:\/\/mayremartinez.com\/en\/#\/schema\/person\/image\/"},"description":"Mayr\u00e9 Mart\u00ednez (La Voz US, Latin American Idol) es una cantante profesional, entrenadora vocal, escritora y profesora de canto Venezolana. Ella ha formado a miles de alumnos con el m\u00e9todo que lleva su nombre, comprobando que cualquier persona puede aprender el arte de cantar.","sameAs":["https:\/\/mayre.net","http:\/\/facebook.com\/mayremartinez","http:\/\/instagram.com\/mayremartinez","https:\/\/twitter.com\/mayremartinez","http:\/\/www.youtube.com\/user\/mayretv","https:\/\/es.wikipedia.org\/wiki\/Mayr\u00e9_Mart\u00ednez"]}]}},"_links":{"self":[{"href":"https:\/\/mayremartinez.com\/en\/wp-json\/wp\/v2\/pages\/7396"}],"collection":[{"href":"https:\/\/mayremartinez.com\/en\/wp-json\/wp\/v2\/pages"}],"about":[{"href":"https:\/\/mayremartinez.com\/en\/wp-json\/wp\/v2\/types\/page"}],"author":[{"embeddable":true,"href":"https:\/\/mayremartinez.com\/en\/wp-json\/wp\/v2\/users\/1"}],"replies":[{"embeddable":true,"href":"https:\/\/mayremartinez.com\/en\/wp-json\/wp\/v2\/comments?post=7396"}],"version-history":[{"count":2,"href":"https:\/\/mayremartinez.com\/en\/wp-json\/wp\/v2\/pages\/7396\/revisions"}],"predecessor-version":[{"id":7398,"href":"https:\/\/mayremartinez.com\/en\/wp-json\/wp\/v2\/pages\/7396\/revisions\/7398"}],"wp:attachment":[{"href":"https:\/\/mayremartinez.com\/en\/wp-json\/wp\/v2\/media?parent=7396"}],"curies":[{"name":"wp","href":"https:\/\/api.w.org\/{rel}","templated":true}]}}