{"id":7390,"date":"2015-11-03T12:42:30","date_gmt":"2015-11-03T20:42:30","guid":{"rendered":"https:\/\/mayremartinez.com\/biography-mayre-martinez\/"},"modified":"2022-09-25T15:54:02","modified_gmt":"2022-09-25T22:54:02","slug":"biography-mayre-martinez","status":"publish","type":"page","link":"https:\/\/mayremartinez.com\/en\/biography-mayre-martinez\/","title":{"rendered":"Biography Mayr\u00e9 Mart\u00ednez"},"content":{"rendered":"\n<figure class=\"wp-block-image alignwide size-large\"><img src=\"https:\/\/mayre.net\/wp-content\/uploads\/2022\/09\/IMG_6643-1024x529.jpg\" alt=\"\" class=\"wp-image-6420\"\/><\/figure>\n\n\n\n<h2 class=\"has-text-align-center\">Mayr\u00e9 Mart\u00ednez<\/h2>\n\n\n\n<div style=\"height:33px\" aria-hidden=\"true\" class=\"wp-block-spacer\"><\/div>\n\n\n\n<p><strong><a href=\"https:\/\/open.spotify.com\/artist\/2vvUHogdcbFyljTnQnNqnG?si=Nw_mLVY2RdiZKa-Qcds-Jg\" target=\"_blank\" rel=\"noreferrer noopener\">Mayr\u00e9 Mart\u00ednez<\/a> is my stage name. My full name is too long.<\/strong><\/p>\n\n\n\n<div style=\"height:33px\" aria-hidden=\"true\" class=\"wp-block-spacer\"><\/div>\n\n\n\n<div class=\"wp-container-3 wp-block-columns\">\n<div class=\"wp-container-1 wp-block-column is-vertically-aligned-center\" style=\"flex-basis:33.33%\">\n<figure class=\"wp-block-image size-full\"><img src=\"https:\/\/mayre.net\/wp-content\/uploads\/2022\/09\/afda2817-5697-4b5a-9fc7-614a359c83f8.jpg\" alt=\"\" class=\"wp-image-6720\"\/><\/figure>\n<\/div>\n\n\n\n<div class=\"wp-container-2 wp-block-column\" style=\"flex-basis:66.66%\">\n<p>I was born and raised in Caracas, Venezuela. My father is Venezuelan and my mother is Cuban. I consider myself Venezuelan-Cuban: because my mother and grandparents made sure that I got to know and enjoy my Cuban roots as well as my Venezuelan ones.<\/p>\n\n\n\n<p>I have had the immense fortune of making a living as a singer, composer and actress since I was 15 years old; although I sang, danced and performed in front of hundreds of people since I was 5 years old at school and in concerts at the conservatory where I studied music, singing, flute and piano.  <\/p>\n<\/div>\n<\/div>\n\n\n\n<div style=\"height:33px\" aria-hidden=\"true\" class=\"wp-block-spacer\"><\/div>\n\n\n\n<div class=\"wp-container-6 wp-block-columns\">\n<div class=\"wp-container-4 wp-block-column is-vertically-aligned-center\" style=\"flex-basis:66.66%\">\n<p>At a very early age I also discovered my passion for teaching singing and created my own singing method, which I have been able to teach online to hundreds of thousands of people around the world on my platform <a href=\"https:\/\/www.elartedecantar.com\">www.elartedecantar.com<\/a>.<\/p>\n<\/div>\n\n\n\n<div class=\"wp-container-5 wp-block-column\" style=\"flex-basis:33.33%\">\n<figure class=\"wp-block-image size-full\"><img src=\"https:\/\/mayre.net\/wp-content\/uploads\/2022\/09\/mayre-15.png\" alt=\"\" class=\"wp-image-6771\"\/><\/figure>\n<\/div>\n<\/div>\n\n\n\n<div style=\"height:33px\" aria-hidden=\"true\" class=\"wp-block-spacer\"><\/div>\n\n\n\n<div class=\"wp-container-9 wp-block-columns\">\n<div class=\"wp-container-7 wp-block-column\">\n<figure class=\"wp-block-image size-full\"><img src=\"https:\/\/mayre.net\/wp-content\/uploads\/2022\/09\/Triunfo-Idol-2.jpg\" alt=\"\" class=\"wp-image-6683\"\/><\/figure>\n<\/div>\n\n\n\n<div class=\"wp-container-8 wp-block-column is-vertically-aligned-center\">\n<p>When I won <a href=\"https:\/\/www.nacion.com\/archivo\/mayre-ya-es-idolo-venezolana-gano-concurso-latin-american-idol\/H5KMZI2ID5GZ5OFYYQVFJQC2T4\/story\/\">the first season of Latin American Idol<\/a> my life changed completely in every way. I recorded an album under the Sony-BMG label called Soy Mi Destino.  <\/p>\n<\/div>\n<\/div>\n\n\n\n<div style=\"height:33px\" aria-hidden=\"true\" class=\"wp-block-spacer\"><\/div>\n\n\n\n<p>Then, independently, I produced and released the album <a href=\"https:\/\/open.spotify.com\/album\/3aZuH2Vh9LxiFmsYOu2mzi?si=DEWHo331Sn2agDrQQBDzYQ\">La Reina de la Noche<\/a> and the EP <a href=\"https:\/\/open.spotify.com\/album\/6xUXP6i3CSyaXcqd2b0QIA?si=95NJ4kM2S-2ddkwAxeS_Ng\">My Black and Blanco<\/a> with songs of my own, both with great musicians and producers. Later I composed a song dedicated to my country called Mi &#8216;Amada Venezuela&#8221; and recorded a very personal interpretation of my country&#8217;s anthem on the piano.  <\/p>\n\n\n\n<div style=\"height:33px\" aria-hidden=\"true\" class=\"wp-block-spacer\"><\/div>\n\n\n\n<div class=\"wp-container-12 wp-block-columns\">\n<div class=\"wp-container-10 wp-block-column\">\n<figure class=\"wp-block-image size-large\"><img src=\"https:\/\/mayre.net\/wp-content\/uploads\/2022\/09\/IMG_9845-edited-scaled.jpg\" alt=\"\" class=\"wp-image-6784\"\/><\/figure>\n<\/div>\n\n\n\n<div class=\"wp-container-11 wp-block-column\">\n<figure class=\"wp-block-image size-full\"><img src=\"https:\/\/mayre.net\/wp-content\/uploads\/2022\/09\/Mayre-pianoII-edited.jpg\" alt=\"\" class=\"wp-image-6783\"\/><\/figure>\n<\/div>\n<\/div>\n\n\n\n<div style=\"height:33px\" aria-hidden=\"true\" class=\"wp-block-spacer\"><\/div>\n\n\n\n<p>Soy mi Destino (Jon Secada), <a href=\"https:\/\/open.spotify.com\/track\/4N4ZmY7nmPE3nwwFXQb1uS?si=78e4f8d6cb3e4b76\">La Reina de la Noche<\/a> (William Luque) and <a href=\"https:\/\/open.spotify.com\/track\/55fMxpcJdPgKyWgHE9xzlu?si=d2bfa6a3f6ae4244\">Vivir Sin Ti<\/a> (Mayr\u00e9 Mart\u00ednez) are songs that allowed me to tour several countries in South America, North America and Europe.  <\/p>\n\n\n\n<div style=\"height:33px\" aria-hidden=\"true\" class=\"wp-block-spacer\"><\/div>\n\n\n\n<p>Vivir Sin Ti and Hay una Voz gave me the happiness of winning the awards for Best Song for Television at the ASCAP Latin Music Awards, as well as the ASCAP Music Film and TV Awards, respectively.<\/p>\n\n\n\n<div style=\"height:33px\" aria-hidden=\"true\" class=\"wp-block-spacer\"><\/div>\n\n\n\n<p>After moving to Los Angeles, California, I had the opportunity to continue my career as a singer, vocal coach and actress not only in front of the cameras but also behind the scenes, working hand in hand with great producers, such as musical visionary, Humberto Gatica, known for producing Celine Dion, Michael Bubble, Andrea Bocelli, Il Divo, Whitney Houston, just to mention a few.<\/p>\n\n\n\n<div style=\"height:33px\" aria-hidden=\"true\" class=\"wp-block-spacer\"><\/div>\n\n\n\n<p>In 2019 thanks to a very special version of <a href=\"https:\/\/open.spotify.com\/track\/1fNOZDlP4uu30Rna20mzTA?si=ef52bd26afb3486a\">Amorfoda<\/a> (Bad Bunny), Mi Gente (J Balvin), Mi Tierra (Gloria Estefan), Mi Perro Fiel (Shakira and Nicky Jam) again my career took a big turn in the first season of <a href=\"https:\/\/www.ntn24.com\/entretenimiento\/venezuela\/el-poderoso-talento-de-la-venezolana-mayre-martinez-conquisto-la-voz-usa\">La Voz US<\/a>. Months later I had the opportunity to record and compose a special song for the 2020 Rose Bowl with renowned producer, Emilio Estefan.<\/p>\n\n\n\n<div style=\"height:33px\" aria-hidden=\"true\" class=\"wp-block-spacer\"><\/div>\n\n\n\n<p>In 2022, another of my biggest dreams came true when I recorded the song Y, \u00bfSi Fuera Ella? composed by Alejandro Sanz, salsa version, produced by the musical genius Sergio George, who has produced great salsa stars such as Marc Anthony, Celia Cruz, Jennifer Lopez, Prince Royce, La India, DLG, among many others.  <\/p>\n\n\n\n<div style=\"height:33px\" aria-hidden=\"true\" class=\"wp-block-spacer\"><\/div>\n\n\n\n<p>Currently, I have many projects that excite me a lot, I will continue to tell you about them here and of course through my social networks.  <\/p>\n\n\n\n<p>Thanks for stopping by. <a href=\"https:\/\/mayremartinez.com\/en\/news\/\">Subscribe to my consentidos mailing list here<\/a>, and I hope to see you back very soon.<\/p>\n\n\n\n<div style=\"height:100px\" aria-hidden=\"true\" class=\"wp-block-spacer\"><\/div>\n","protected":false},"excerpt":{"rendered":"<p>Mayr\u00e9 Mart\u00ednez Mayr\u00e9 Mart\u00ednez is my stage name. My full name is too long. I was born and raised in Caracas, Venezuela. My father is Venezuelan and my mother is Cuban. I consider myself Venezuelan-Cuban: because my mother and grandparents made sure that I got to know and enjoy my Cuban roots as well as&hellip;<\/p>\n","protected":false},"author":1,"featured_media":7071,"parent":0,"menu_order":0,"comment_status":"closed","ping_status":"closed","template":"","meta":[],"yoast_head":"<!-- This site is optimized with the Yoast SEO plugin v19.8 - https:\/\/yoast.com\/wordpress\/plugins\/seo\/ -->\n<title>Mayr\u00e9 Mart\u00ednez | Biography - Who is Mayr\u00e9 Mart\u00ednez?<\/title>\n<meta name=\"description\" content=\"Who is Mayr\u00e9? Discover in his biography: his beginnings in singing, his academy, and the reality shows Latin American Idol and La Voz US!\" \/>\n<meta name=\"robots\" content=\"index, follow, max-snippet:-1, max-image-preview:large, max-video-preview:-1\" \/>\n<link rel=\"canonical\" href=\"https:\/\/mayremartinez.com\/en\/biography-mayre-martinez\/\" \/>\n<meta property=\"og:locale\" content=\"en_US\" \/>\n<meta property=\"og:type\" content=\"article\" \/>\n<meta property=\"og:title\" content=\"Mayr\u00e9 Mart\u00ednez | Biography - Who is Mayr\u00e9 Mart\u00ednez?\" \/>\n<meta property=\"og:description\" content=\"Who is Mayr\u00e9? Discover in his biography: his beginnings in singing, his academy, and the reality shows Latin American Idol and La Voz US!\" \/>\n<meta property=\"og:url\" content=\"https:\/\/mayremartinez.com\/en\/biography-mayre-martinez\/\" \/>\n<meta property=\"og:site_name\" content=\"Mayre Martinez\" \/>\n<meta property=\"article:publisher\" content=\"http:\/\/facebook.com\/mayremartinez\" \/>\n<meta property=\"article:modified_time\" content=\"2022-09-25T22:54:02+00:00\" \/>\n<meta property=\"og:image\" content=\"https:\/\/mayremartinez.com\/wp-content\/uploads\/2022\/09\/IMG_6643.jpg\" \/>\n\t<meta property=\"og:image:width\" content=\"1600\" \/>\n\t<meta property=\"og:image:height\" content=\"826\" \/>\n\t<meta property=\"og:image:type\" content=\"image\/jpeg\" \/>\n<meta name=\"twitter:card\" content=\"summary_large_image\" \/>\n<meta name=\"twitter:site\" content=\"@mayremartinez\" \/>\n<meta name=\"twitter:label1\" content=\"Est. reading time\" \/>\n\t<meta name=\"twitter:data1\" content=\"4 minutes\" \/>\n<script type=\"application\/ld+json\" class=\"yoast-schema-graph\">{\"@context\":\"https:\/\/schema.org\",\"@graph\":[{\"@type\":\"WebPage\",\"@id\":\"https:\/\/mayremartinez.com\/en\/biography-mayre-martinez\/\",\"url\":\"https:\/\/mayremartinez.com\/en\/biography-mayre-martinez\/\",\"name\":\"Mayr\u00e9 Mart\u00ednez | Biography - Who is Mayr\u00e9 Mart\u00ednez?\",\"isPartOf\":{\"@id\":\"https:\/\/mayremartinez.com\/en\/#website\"},\"datePublished\":\"2015-11-03T20:42:30+00:00\",\"dateModified\":\"2022-09-25T22:54:02+00:00\",\"description\":\"Who is Mayr\u00e9? Discover in his biography: his beginnings in singing, his academy, and the reality shows Latin American Idol and La Voz US!\",\"breadcrumb\":{\"@id\":\"https:\/\/mayremartinez.com\/en\/biography-mayre-martinez\/#breadcrumb\"},\"inLanguage\":\"en-US\",\"potentialAction\":[{\"@type\":\"ReadAction\",\"target\":[\"https:\/\/mayremartinez.com\/en\/biography-mayre-martinez\/\"]}]},{\"@type\":\"BreadcrumbList\",\"@id\":\"https:\/\/mayremartinez.com\/en\/biography-mayre-martinez\/#breadcrumb\",\"itemListElement\":[{\"@type\":\"ListItem\",\"position\":1,\"name\":\"Portada\",\"item\":\"https:\/\/mayremartinez.com\/en\/\"},{\"@type\":\"ListItem\",\"position\":2,\"name\":\"Biography Mayr\u00e9 Mart\u00ednez\"}]},{\"@type\":\"WebSite\",\"@id\":\"https:\/\/mayremartinez.com\/en\/#website\",\"url\":\"https:\/\/mayremartinez.com\/en\/\",\"name\":\"Mayre Martinez\",\"description\":\"Sitio Web Oficial de Mayre Martinez, La Voz de Latinoam&eacute;rica\",\"publisher\":{\"@id\":\"https:\/\/mayremartinez.com\/en\/#\/schema\/person\/d809b2bc85ada00ed0fccc4e42a7b933\"},\"potentialAction\":[{\"@type\":\"SearchAction\",\"target\":{\"@type\":\"EntryPoint\",\"urlTemplate\":\"https:\/\/mayremartinez.com\/en\/?s={search_term_string}\"},\"query-input\":\"required name=search_term_string\"}],\"inLanguage\":\"en-US\"},{\"@type\":[\"Person\",\"Organization\"],\"@id\":\"https:\/\/mayremartinez.com\/en\/#\/schema\/person\/d809b2bc85ada00ed0fccc4e42a7b933\",\"name\":\"Mayr\u00e9 Mart\u00ednez\",\"image\":{\"@type\":\"ImageObject\",\"inLanguage\":\"en-US\",\"@id\":\"https:\/\/mayremartinez.com\/en\/#\/schema\/person\/image\/\",\"url\":\"https:\/\/secure.gravatar.com\/avatar\/48dbd5ec7e576a76001971d591baee36?s=96&d=identicon&r=g\",\"contentUrl\":\"https:\/\/secure.gravatar.com\/avatar\/48dbd5ec7e576a76001971d591baee36?s=96&d=identicon&r=g\",\"caption\":\"Mayr\u00e9 Mart\u00ednez\"},\"logo\":{\"@id\":\"https:\/\/mayremartinez.com\/en\/#\/schema\/person\/image\/\"},\"description\":\"Mayr\u00e9 Mart\u00ednez (La Voz US, Latin American Idol) es una cantante profesional, entrenadora vocal, escritora y profesora de canto Venezolana. Ella ha formado a miles de alumnos con el m\u00e9todo que lleva su nombre, comprobando que cualquier persona puede aprender el arte de cantar.\",\"sameAs\":[\"https:\/\/mayre.net\",\"http:\/\/facebook.com\/mayremartinez\",\"http:\/\/instagram.com\/mayremartinez\",\"https:\/\/twitter.com\/mayremartinez\",\"http:\/\/www.youtube.com\/user\/mayretv\",\"https:\/\/es.wikipedia.org\/wiki\/Mayr\u00e9_Mart\u00ednez\"]}]}<\/script>\n<!-- \/ Yoast SEO plugin. -->","yoast_head_json":{"title":"Mayr\u00e9 Mart\u00ednez | Biography - Who is Mayr\u00e9 Mart\u00ednez?","description":"Who is Mayr\u00e9? Discover in his biography: his beginnings in singing, his academy, and the reality shows Latin American Idol and La Voz US!","robots":{"index":"index","follow":"follow","max-snippet":"max-snippet:-1","max-image-preview":"max-image-preview:large","max-video-preview":"max-video-preview:-1"},"canonical":"https:\/\/mayremartinez.com\/en\/biography-mayre-martinez\/","og_locale":"en_US","og_type":"article","og_title":"Mayr\u00e9 Mart\u00ednez | Biography - Who is Mayr\u00e9 Mart\u00ednez?","og_description":"Who is Mayr\u00e9? Discover in his biography: his beginnings in singing, his academy, and the reality shows Latin American Idol and La Voz US!","og_url":"https:\/\/mayremartinez.com\/en\/biography-mayre-martinez\/","og_site_name":"Mayre Martinez","article_publisher":"http:\/\/facebook.com\/mayremartinez","article_modified_time":"2022-09-25T22:54:02+00:00","og_image":[{"width":1600,"height":826,"url":"https:\/\/mayremartinez.com\/wp-content\/uploads\/2022\/09\/IMG_6643.jpg","type":"image\/jpeg"}],"twitter_card":"summary_large_image","twitter_site":"@mayremartinez","twitter_misc":{"Est. reading time":"4 minutes"},"schema":{"@context":"https:\/\/schema.org","@graph":[{"@type":"WebPage","@id":"https:\/\/mayremartinez.com\/en\/biography-mayre-martinez\/","url":"https:\/\/mayremartinez.com\/en\/biography-mayre-martinez\/","name":"Mayr\u00e9 Mart\u00ednez | Biography - Who is Mayr\u00e9 Mart\u00ednez?","isPartOf":{"@id":"https:\/\/mayremartinez.com\/en\/#website"},"datePublished":"2015-11-03T20:42:30+00:00","dateModified":"2022-09-25T22:54:02+00:00","description":"Who is Mayr\u00e9? Discover in his biography: his beginnings in singing, his academy, and the reality shows Latin American Idol and La Voz US!","breadcrumb":{"@id":"https:\/\/mayremartinez.com\/en\/biography-mayre-martinez\/#breadcrumb"},"inLanguage":"en-US","potentialAction":[{"@type":"ReadAction","target":["https:\/\/mayremartinez.com\/en\/biography-mayre-martinez\/"]}]},{"@type":"BreadcrumbList","@id":"https:\/\/mayremartinez.com\/en\/biography-mayre-martinez\/#breadcrumb","itemListElement":[{"@type":"ListItem","position":1,"name":"Portada","item":"https:\/\/mayremartinez.com\/en\/"},{"@type":"ListItem","position":2,"name":"Biography Mayr\u00e9 Mart\u00ednez"}]},{"@type":"WebSite","@id":"https:\/\/mayremartinez.com\/en\/#website","url":"https:\/\/mayremartinez.com\/en\/","name":"Mayre Martinez","description":"Sitio Web Oficial de Mayre Martinez, La Voz de Latinoam&eacute;rica","publisher":{"@id":"https:\/\/mayremartinez.com\/en\/#\/schema\/person\/d809b2bc85ada00ed0fccc4e42a7b933"},"potentialAction":[{"@type":"SearchAction","target":{"@type":"EntryPoint","urlTemplate":"https:\/\/mayremartinez.com\/en\/?s={search_term_string}"},"query-input":"required name=search_term_string"}],"inLanguage":"en-US"},{"@type":["Person","Organization"],"@id":"https:\/\/mayremartinez.com\/en\/#\/schema\/person\/d809b2bc85ada00ed0fccc4e42a7b933","name":"Mayr\u00e9 Mart\u00ednez","image":{"@type":"ImageObject","inLanguage":"en-US","@id":"https:\/\/mayremartinez.com\/en\/#\/schema\/person\/image\/","url":"https:\/\/secure.gravatar.com\/avatar\/48dbd5ec7e576a76001971d591baee36?s=96&d=identicon&r=g","contentUrl":"https:\/\/secure.gravatar.com\/avatar\/48dbd5ec7e576a76001971d591baee36?s=96&d=identicon&r=g","caption":"Mayr\u00e9 Mart\u00ednez"},"logo":{"@id":"https:\/\/mayremartinez.com\/en\/#\/schema\/person\/image\/"},"description":"Mayr\u00e9 Mart\u00ednez (La Voz US, Latin American Idol) es una cantante profesional, entrenadora vocal, escritora y profesora de canto Venezolana. Ella ha formado a miles de alumnos con el m\u00e9todo que lleva su nombre, comprobando que cualquier persona puede aprender el arte de cantar.","sameAs":["https:\/\/mayre.net","http:\/\/facebook.com\/mayremartinez","http:\/\/instagram.com\/mayremartinez","https:\/\/twitter.com\/mayremartinez","http:\/\/www.youtube.com\/user\/mayretv","https:\/\/es.wikipedia.org\/wiki\/Mayr\u00e9_Mart\u00ednez"]}]}},"_links":{"self":[{"href":"https:\/\/mayremartinez.com\/en\/wp-json\/wp\/v2\/pages\/7390"}],"collection":[{"href":"https:\/\/mayremartinez.com\/en\/wp-json\/wp\/v2\/pages"}],"about":[{"href":"https:\/\/mayremartinez.com\/en\/wp-json\/wp\/v2\/types\/page"}],"author":[{"embeddable":true,"href":"https:\/\/mayremartinez.com\/en\/wp-json\/wp\/v2\/users\/1"}],"replies":[{"embeddable":true,"href":"https:\/\/mayremartinez.com\/en\/wp-json\/wp\/v2\/comments?post=7390"}],"version-history":[{"count":5,"href":"https:\/\/mayremartinez.com\/en\/wp-json\/wp\/v2\/pages\/7390\/revisions"}],"predecessor-version":[{"id":7539,"href":"https:\/\/mayremartinez.com\/en\/wp-json\/wp\/v2\/pages\/7390\/revisions\/7539"}],"wp:featuredmedia":[{"embeddable":true,"href":"https:\/\/mayremartinez.com\/en\/wp-json\/wp\/v2\/media\/7071"}],"wp:attachment":[{"href":"https:\/\/mayremartinez.com\/en\/wp-json\/wp\/v2\/media?parent=7390"}],"curies":[{"name":"wp","href":"https:\/\/api.w.org\/{rel}","templated":true}]}}